{"id":188,"date":"2025-09-04T17:46:09","date_gmt":"2025-09-04T15:46:09","guid":{"rendered":"https:\/\/franziska-schill.de\/?page_id=188"},"modified":"2025-09-05T20:51:14","modified_gmt":"2025-09-05T18:51:14","slug":"impressum","status":"publish","type":"page","link":"https:\/\/franziska-schill.de\/?page_id=188","title":{"rendered":"Impressum"},"content":{"rendered":"\t\t<div data-elementor-type=\"wp-page\" data-elementor-id=\"188\" class=\"elementor elementor-188\" data-elementor-post-type=\"page\">\n\t\t\t\t<div class=\"elementor-element elementor-element-27693fe e-flex e-con-boxed e-con e-parent\" data-id=\"27693fe\" data-element_type=\"container\">\n\t\t\t\t\t<div class=\"e-con-inner\">\n\t\t\t\t<div class=\"elementor-element elementor-element-69e1883 elementor-widget elementor-widget-text-editor\" data-id=\"69e1883\" data-element_type=\"widget\" data-widget_type=\"text-editor.default\">\n\t\t\t\t\t\t\t\t\t<h4 class=\"western\">\u00a0<\/h4><h6 class=\"western\"><span style=\"font-family: Verdana, sans-serif;\">Angaben gem\u00e4\u00df \u00a7 5 TMG:<\/span><\/h6><p><span style=\"font-family: Verdana, sans-serif;\">Franziska Schill<\/span><\/p><p><span style=\"font-family: Verdana, sans-serif;\">Belderbuschstr. 20<\/span><\/p><p><span style=\"font-family: Verdana, sans-serif;\">53177 Bonn<\/span><\/p><h4 class=\"western\">\u00a0<\/h4><h6 class=\"western\"><span style=\"font-family: Verdana, sans-serif;\">Kontakt:<\/span><\/h6><p><span style=\"font-family: Verdana, sans-serif;\">Telefon: +49 178 686 1132<br \/>E-Mail: franziska.schill@posteo.de<\/span><\/p><h4 class=\"western\">\u00a0<\/h4><h6 class=\"western\"><span style=\"font-family: Verdana, sans-serif;\">Streitschlichtung<\/span><\/h6><p><span style=\"font-family: Verdana, sans-serif;\">Die Europ\u00e4ische Kommission hat eine Plattform zur Online Streitbeilegung (OS) bereitgestellt, die eingesehen werden kann unter:\u00a0<\/span><span style=\"font-family: Verdana, sans-serif;\"><a href=\"https:\/\/ec.europa.eu\/consumers\/odr\" target=\"_blank\" rel=\"noopener\">https:\/\/ec.europa.eu\/consumers\/odr<\/a><\/span><span style=\"font-family: Verdana, sans-serif;\"><br \/>Unsere E-Mail-Adresse finden Sie oben im Impressum.<\/span><\/p><p><span style=\"font-family: Verdana, sans-serif;\">Wir weisen darauf hin, dass wir weder verpflichtet noch bereit sind, an Streitbeilegungsverfahren vor einer Verbraucherschlichtungsstelle teilzunehmen.<\/span><\/p><h4 class=\"western\">\u00a0<\/h4><h6 class=\"western\"><span style=\"font-family: Verdana, sans-serif;\">Haftung f\u00fcr Inhalte<\/span><\/h6><p><span style=\"font-family: Verdana, sans-serif;\">Als Diensteanbieter ist Franziska Schill gem\u00e4\u00df \u00a7 7 Abs.1 TMG f\u00fcr eigene Inhalte auf diesen Seiten nach den allgemeinen Gesetzen verantwortlich. Gem. \u00a7\u00a7 8 bis 10 TMG trifft uns als Diensteanbieter jedoch nicht die Pflicht, \u00fcbermittelte oder gespeicherte fremde Informationen zu \u00fcberwachen oder nach Umst\u00e4nden zu forschen, die auf eine rechtswidrige T\u00e4tigkeit hinweisen.<\/span><\/p><p><span style=\"font-family: Verdana, sans-serif;\">Hiervon unber\u00fchrt bleiben Verpflichtungen zur Entfernung oder Sperrung der Nutzung von Informationen nach den allgemeinen Gesetzen. Eine diesbez\u00fcgliche Haftung kann jedoch erst ab dem Zeitpunkt der Kenntnis einer konkreten Rechtsverletzung entstehen. Bei Bekanntwerden von entsprechenden Rechtsverletzungen werden wir diese Inhalte unverz\u00fcglich entfernen.<\/span><\/p><h4 class=\"western\">\u00a0<\/h4><h6 class=\"western\"><span style=\"font-family: Verdana, sans-serif;\">Haftung f\u00fcr Links<\/span><\/h6><p><span style=\"font-family: Verdana, sans-serif;\">Wir verlinken in unserem Angebot auf externe Websites Dritter, auf deren Inhalte wir keinen Einfluss haben und haben k\u00f6nnen. Deshalb k\u00f6nnen wir f\u00fcr diese fremden Inhalte auch keine Gew\u00e4hr \u00fcbernehmen. F\u00fcr die Inhalte der verlinkten Seiten ist stets der jeweilige Anbieter oder Betreiber der Seiten verantwortlich. Die verlinkten Seiten haben wir zum Zeitpunkt der Verlinkung auf m\u00f6gliche Rechtsverst\u00f6\u00dfe \u00fcberpr\u00fcft. Rechtswidrige Inhalte waren im Zeitpunkt der Verlinkung nicht erkennbar.<\/span><\/p><p><span style=\"font-family: Verdana, sans-serif;\">Eine permanente inhaltliche Kontrolle der verlinkten Seiten ist ohne konkrete Anhaltspunkte einer Rechtsverletzung nicht zumutbar. Bei Bekanntwerden von Rechtsverletzungen werden wir jedoch derartige Links unverz\u00fcglich entfernen.<\/span><\/p><h4 class=\"western\">\u00a0<\/h4><h6 class=\"western\"><span style=\"font-family: Verdana, sans-serif;\">Urheberrecht<\/span><\/h6><p><span style=\"font-family: Verdana, sans-serif;\">Die durch Franziska Schill erstellten Inhalte und Werke auf diesen Seiten unterliegen dem deutschen Urheberrecht. Die Vervielf\u00e4ltigung, Bearbeitung, Verbreitung und jede Art der Verwertung au\u00dferhalb der Grenzen des Urheberrechtes bed\u00fcrfen der vorherigen schriftlichen Zustimmung des jeweiligen Autors bzw. Erstellers. Downloads und Kopien dieser Seite sind einzig f\u00fcr den privaten, nicht kommerziellen Gebrauch gestattet.<\/span><\/p><p><span style=\"font-family: Verdana, sans-serif;\">Soweit die Inhalte auf dieser Seite nicht von Franziska Schill erstellt wurden, werden die Urheberrechte Dritter beachtet. Insbesondere werden Inhalte Dritter als solche gekennzeichnet. Sollten Sie dennoch auf eine Urheberrechtsverletzung aufmerksam werden, bitten wir um einen entsprechenden Hinweis. Bei Bekanntwerden von Rechtsverletzungen werden wir derartige Inhalte umgehend entfernen.<\/span><\/p><h6 class=\"western\"><span style=\"font-family: Verdana, sans-serif;\">Lizenzen<\/span><\/h6><p><span style=\"font-family: Verdana, sans-serif;\">Wir weisen vorsorglich darauf hin, dass das in unserer Webseite enthaltene geistige Eigentum einschlie\u00dflich Patenten, Marken und Urheberrechten rechtlich gesch\u00fctzt ist. Durch diese Website wird keine Lizenz zur Nutzung des geistigen Eigentums von Franziska Schill gew\u00e4hrt. Die Vervielf\u00e4ltigung, Verbreitung, Wieder- und Weitergabe und sonstige Nutzung ist ohne die schriftliche Zustimmung von Franziska Schill nicht gestattet. Verst\u00f6\u00dfe werden geahndet.<\/span><\/p>\t\t\t\t\t\t\t\t<\/div>\n\t\t\t\t\t<\/div>\n\t\t\t\t<\/div>\n\t\t\t\t<\/div>\n\t\t","protected":false},"excerpt":{"rendered":"<p>\u00a0 Angaben gem\u00e4\u00df \u00a7 5 TMG: Franziska Schill Belderbuschstr. 20 53177 Bonn \u00a0 Kontakt: Telefon: +49 178 686 1132E-Mail: franziska.schill@posteo.de \u00a0 Streitschlichtung Die Europ\u00e4ische Kommission hat eine Plattform zur Online Streitbeilegung (OS) bereitgestellt, die eingesehen werden kann unter:\u00a0https:\/\/ec.europa.eu\/consumers\/odrUnsere E-Mail-Adresse finden Sie oben im Impressum. Wir weisen darauf hin, dass wir weder verpflichtet noch bereit sind, [&hellip;]<\/p>\n","protected":false},"author":1,"featured_media":0,"parent":0,"menu_order":0,"comment_status":"closed","ping_status":"closed","template":"","meta":{"footnotes":""},"class_list":["post-188","page","type-page","status-publish","hentry"],"_links":{"self":[{"href":"https:\/\/franziska-schill.de\/index.php?rest_route=\/wp\/v2\/pages\/188","targetHints":{"allow":["GET"]}}],"collection":[{"href":"https:\/\/franziska-schill.de\/index.php?rest_route=\/wp\/v2\/pages"}],"about":[{"href":"https:\/\/franziska-schill.de\/index.php?rest_route=\/wp\/v2\/types\/page"}],"author":[{"embeddable":true,"href":"https:\/\/franziska-schill.de\/index.php?rest_route=\/wp\/v2\/users\/1"}],"replies":[{"embeddable":true,"href":"https:\/\/franziska-schill.de\/index.php?rest_route=%2Fwp%2Fv2%2Fcomments&post=188"}],"version-history":[{"count":7,"href":"https:\/\/franziska-schill.de\/index.php?rest_route=\/wp\/v2\/pages\/188\/revisions"}],"predecessor-version":[{"id":580,"href":"https:\/\/franziska-schill.de\/index.php?rest_route=\/wp\/v2\/pages\/188\/revisions\/580"}],"wp:attachment":[{"href":"https:\/\/franziska-schill.de\/index.php?rest_route=%2Fwp%2Fv2%2Fmedia&parent=188"}],"curies":[{"name":"wp","href":"https:\/\/api.w.org\/{rel}","templated":true}]}}