{"id":191,"date":"2025-09-04T17:46:09","date_gmt":"2025-09-04T15:46:09","guid":{"rendered":"https:\/\/franziska-schill.de\/?page_id=191"},"modified":"2025-10-20T10:27:46","modified_gmt":"2025-10-20T08:27:46","slug":"workshops-and-retreats","status":"publish","type":"page","link":"https:\/\/franziska-schill.de\/?page_id=191","title":{"rendered":"Formate"},"content":{"rendered":"\t\t<div data-elementor-type=\"wp-page\" data-elementor-id=\"191\" class=\"elementor elementor-191\" data-elementor-post-type=\"page\">\n\t\t\t\t<div class=\"elementor-element elementor-element-3f90e08e e-con-full e-flex e-con e-parent\" data-id=\"3f90e08e\" data-element_type=\"container\">\n\t\t\t\t<div class=\"elementor-element elementor-element-60ce3dcd elementor--h-position-center elementor--v-position-middle elementor-pagination-position-inside elementor-widget elementor-widget-slides\" data-id=\"60ce3dcd\" data-element_type=\"widget\" data-settings=\"{&quot;navigation&quot;:&quot;dots&quot;,&quot;autoplay&quot;:&quot;yes&quot;,&quot;pause_on_hover&quot;:&quot;yes&quot;,&quot;pause_on_interaction&quot;:&quot;yes&quot;,&quot;autoplay_speed&quot;:5000,&quot;infinite&quot;:&quot;yes&quot;,&quot;transition&quot;:&quot;slide&quot;,&quot;transition_speed&quot;:500}\" data-widget_type=\"slides.default\">\n\t\t\t\t\t\t\t\t\t\t<div class=\"elementor-slides-wrapper elementor-main-swiper swiper\" role=\"region\" aria-roledescription=\"carousel\" aria-label=\"Slides\" dir=\"ltr\" data-animation=\"\">\n\t\t\t\t<div class=\"swiper-wrapper elementor-slides\">\n\t\t\t\t\t\t\t\t\t\t<div class=\"elementor-repeater-item-a36aefe swiper-slide\" role=\"group\" aria-roledescription=\"slide\"><div class=\"swiper-slide-bg\" role=\"img\"><\/div><div class=\"swiper-slide-inner\" ><div class=\"swiper-slide-contents\"><\/div><\/div><\/div>\t\t\t\t<\/div>\n\t\t\t\t\t\t\t<\/div>\n\t\t\t\t\t\t\t\t<\/div>\n\t\t\t\t<\/div>\n\t\t<div class=\"elementor-element elementor-element-48f4af7e e-flex e-con-boxed e-con e-parent\" data-id=\"48f4af7e\" data-element_type=\"container\">\n\t\t\t\t\t<div class=\"e-con-inner\">\n\t\t\t\t<div class=\"elementor-element elementor-element-7b5c354d elementor-widget elementor-widget-heading\" data-id=\"7b5c354d\" data-element_type=\"widget\" data-widget_type=\"heading.default\">\n\t\t\t\t\t<h3 class=\"elementor-heading-title elementor-size-default\">Formate<\/h3>\t\t\t\t<\/div>\n\t\t<div class=\"elementor-element elementor-element-7b242995 e-con-full e-flex e-con e-child\" data-id=\"7b242995\" data-element_type=\"container\">\n\t\t\t\t<div class=\"elementor-element elementor-element-1e2acbe7 elementor-widget elementor-widget-heading\" data-id=\"1e2acbe7\" data-element_type=\"widget\" data-widget_type=\"heading.default\">\n\t\t\t\t\t<h3 class=\"elementor-heading-title elementor-size-default\">Einzelsitzungen<\/h3>\t\t\t\t<\/div>\n\t\t\t\t<div class=\"elementor-element elementor-element-3b97ca1a elementor-widget elementor-widget-text-editor\" data-id=\"3b97ca1a\" data-element_type=\"widget\" data-widget_type=\"text-editor.default\">\n\t\t\t\t\t\t\t\t\t<p>Einzelsitzungen dauern in der Regel 50 Minuten und finden nach individueller Vereinbarung statt. F\u00fcr Klient*innen mit langem Anfahrtsweg biete ich Sitzungen von 75 Minuten an. Zumindest die ersten Termine sollten nach M\u00f6glichkeit in Pr\u00e4senz stattfinden, danach sind auch Sitzungen online m\u00f6glich.\u00a0<\/p><p>Du lebst nicht in Bonn, m\u00f6chtest aber trotzdem mit mir arbeiten? Gerne k\u00f6nnen wir gemeinsam pr\u00fcfen, ob Einzelsitzungen online f\u00fcr uns funktionieren.<\/p>\t\t\t\t\t\t\t\t<\/div>\n\t\t\t\t<\/div>\n\t\t<div class=\"elementor-element elementor-element-30d5d84 e-con-full e-flex e-con e-child\" data-id=\"30d5d84\" data-element_type=\"container\">\n\t\t\t\t<div class=\"elementor-element elementor-element-3e05769 elementor-widget elementor-widget-heading\" data-id=\"3e05769\" data-element_type=\"widget\" data-widget_type=\"heading.default\">\n\t\t\t\t\t<h3 class=\"elementor-heading-title elementor-size-default\">Gruppen, Workshops und Seminare <\/h3>\t\t\t\t<\/div>\n\t\t\t\t<div class=\"elementor-element elementor-element-47de849 elementor-widget elementor-widget-text-editor\" data-id=\"47de849\" data-element_type=\"widget\" data-widget_type=\"text-editor.default\">\n\t\t\t\t\t\t\t\t\t<p>Gruppen, Workshops und Seminare werden hier bekanntgegeben.<\/p><p>F\u00fcr 2026 plane ich eine <strong>Jahresgruppe<\/strong> &#8211; melde dich bei Interesse bitte fr\u00fchzeitig bei mir. Inhalt der Jahresgruppe wird Austausch, inspirierende Texte, Wahrnehmungs\u00fcbungen und die Arbeit an den eigenen Themen sein.<\/p>\t\t\t\t\t\t\t\t<\/div>\n\t\t\t\t<\/div>\n\t\t\t\t\t<\/div>\n\t\t\t\t<\/div>\n\t\t<div class=\"elementor-element elementor-element-243f5a77 e-flex e-con-boxed e-con e-parent\" data-id=\"243f5a77\" data-element_type=\"container\">\n\t\t\t\t\t<div class=\"e-con-inner\">\n\t\t\t\t<div class=\"elementor-element elementor-element-13ee161 elementor-widget elementor-widget-heading\" data-id=\"13ee161\" data-element_type=\"widget\" data-widget_type=\"heading.default\">\n\t\t\t\t\t<h3 class=\"elementor-heading-title elementor-size-default\">Kosten<\/h3>\t\t\t\t<\/div>\n\t\t<div class=\"elementor-element elementor-element-7d3839ce e-con-full e-flex e-con e-child\" data-id=\"7d3839ce\" data-element_type=\"container\">\n\t\t\t\t<div class=\"elementor-element elementor-element-4631837 elementor-widget elementor-widget-heading\" data-id=\"4631837\" data-element_type=\"widget\" data-widget_type=\"heading.default\">\n\t\t\t\t\t<h3 class=\"elementor-heading-title elementor-size-default\">Einzelsitzungen<\/h3>\t\t\t\t<\/div>\n\t\t\t\t<div class=\"elementor-element elementor-element-66469e66 elementor-widget elementor-widget-text-editor\" data-id=\"66469e66\" data-element_type=\"widget\" data-widget_type=\"text-editor.default\">\n\t\t\t\t\t\t\t\t\t<p>Sitzungen von 50 Minuten, 85\u20ac<\/p><p>Sitzungen von 75 Minuten, 125\u20ac<\/p>\t\t\t\t\t\t\t\t<\/div>\n\t\t\t\t<\/div>\n\t\t<div class=\"elementor-element elementor-element-6ccd94af e-con-full e-flex e-con e-child\" data-id=\"6ccd94af\" data-element_type=\"container\">\n\t\t\t\t<div class=\"elementor-element elementor-element-549bb50a elementor-widget elementor-widget-heading\" data-id=\"549bb50a\" data-element_type=\"widget\" data-widget_type=\"heading.default\">\n\t\t\t\t\t<h3 class=\"elementor-heading-title elementor-size-default\">Vorteile einer selbst finanzierten Therapie<\/h3>\t\t\t\t<\/div>\n\t\t\t\t<div class=\"elementor-element elementor-element-4563eeee elementor-widget elementor-widget-text-editor\" data-id=\"4563eeee\" data-element_type=\"widget\" data-widget_type=\"text-editor.default\">\n\t\t\t\t\t\t\t\t\t<ul data-rte-list=\"default\"><li><p class=\"\">keine langen Wartezeiten auf Praxispl\u00e4tze oder auf eine Bewilligung durch die Krankenkassen<\/p><\/li><li><p class=\"\">zeitnahe Termine sind oftmals m\u00f6glich<\/p><\/li><li><p class=\"\">freie Wahl einer Therapeutin, die zu Dir passt<\/p><\/li><li><p class=\"\">moderne und humanistisch orientierte Therapieverfahren sind m\u00f6glich<\/p><\/li><li><p class=\"\">Inhalt, Dauer und Rhythmus der Therapie sind nicht festgelegt sondern an Deine individuellen Bed\u00fcrfnisse angepasst<\/p><\/li><li><p class=\"\">es muss keine seelische Krankheit gem\u00e4\u00df den Diagnosekriterien ICD-11 und DSM-V vorliegen<\/p><\/li><li><p class=\"\">die Therapie wird in keiner Krankenakte und bei keiner Krankenversicherung vermerkt &#8211; sie beeintr\u00e4chtigt damit nicht eine eventuell anstehende Verbeamtung oder den Abschluss k\u00fcnftiger Versicherungen<\/p><\/li><\/ul>\t\t\t\t\t\t\t\t<\/div>\n\t\t\t\t<\/div>\n\t\t\t\t\t<\/div>\n\t\t\t\t<\/div>\n\t\t\t\t<\/div>\n\t\t","protected":false},"excerpt":{"rendered":"<p>Formate Einzelsitzungen Einzelsitzungen dauern in der Regel 50 Minuten und finden nach individueller Vereinbarung statt. F\u00fcr Klient*innen mit langem Anfahrtsweg biete ich Sitzungen von 75 Minuten an. Zumindest die ersten Termine sollten nach M\u00f6glichkeit in Pr\u00e4senz stattfinden, danach sind auch Sitzungen online m\u00f6glich.\u00a0 Du lebst nicht in Bonn, m\u00f6chtest aber trotzdem mit mir arbeiten? Gerne [&hellip;]<\/p>\n","protected":false},"author":1,"featured_media":0,"parent":0,"menu_order":0,"comment_status":"closed","ping_status":"closed","template":"","meta":{"footnotes":""},"class_list":["post-191","page","type-page","status-publish","hentry"],"_links":{"self":[{"href":"https:\/\/franziska-schill.de\/index.php?rest_route=\/wp\/v2\/pages\/191","targetHints":{"allow":["GET"]}}],"collection":[{"href":"https:\/\/franziska-schill.de\/index.php?rest_route=\/wp\/v2\/pages"}],"about":[{"href":"https:\/\/franziska-schill.de\/index.php?rest_route=\/wp\/v2\/types\/page"}],"author":[{"embeddable":true,"href":"https:\/\/franziska-schill.de\/index.php?rest_route=\/wp\/v2\/users\/1"}],"replies":[{"embeddable":true,"href":"https:\/\/franziska-schill.de\/index.php?rest_route=%2Fwp%2Fv2%2Fcomments&post=191"}],"version-history":[{"count":44,"href":"https:\/\/franziska-schill.de\/index.php?rest_route=\/wp\/v2\/pages\/191\/revisions"}],"predecessor-version":[{"id":822,"href":"https:\/\/franziska-schill.de\/index.php?rest_route=\/wp\/v2\/pages\/191\/revisions\/822"}],"wp:attachment":[{"href":"https:\/\/franziska-schill.de\/index.php?rest_route=%2Fwp%2Fv2%2Fmedia&parent=191"}],"curies":[{"name":"wp","href":"https:\/\/api.w.org\/{rel}","templated":true}]}}