{"id":205,"date":"2025-09-04T17:46:13","date_gmt":"2025-09-04T15:46:13","guid":{"rendered":"https:\/\/franziska-schill.de\/?page_id=205"},"modified":"2025-09-15T13:09:52","modified_gmt":"2025-09-15T11:09:52","slug":"ashtanga-yoga","status":"publish","type":"page","link":"https:\/\/franziska-schill.de\/?page_id=205","title":{"rendered":"Gestalttherapie"},"content":{"rendered":"\t\t<div data-elementor-type=\"wp-page\" data-elementor-id=\"205\" class=\"elementor elementor-205\" data-elementor-post-type=\"page\">\n\t\t\t\t<div class=\"elementor-element elementor-element-4653a5b3 e-con-full e-flex e-con e-parent\" data-id=\"4653a5b3\" data-element_type=\"container\">\n\t\t\t\t<div class=\"elementor-element elementor-element-36de2b58 elementor--h-position-center elementor--v-position-middle elementor-pagination-position-inside elementor-widget elementor-widget-slides\" data-id=\"36de2b58\" data-element_type=\"widget\" data-settings=\"{&quot;navigation&quot;:&quot;dots&quot;,&quot;autoplay&quot;:&quot;yes&quot;,&quot;pause_on_hover&quot;:&quot;yes&quot;,&quot;pause_on_interaction&quot;:&quot;yes&quot;,&quot;autoplay_speed&quot;:5000,&quot;infinite&quot;:&quot;yes&quot;,&quot;transition&quot;:&quot;slide&quot;,&quot;transition_speed&quot;:500}\" data-widget_type=\"slides.default\">\n\t\t\t\t\t\t\t\t\t\t<div class=\"elementor-slides-wrapper elementor-main-swiper swiper\" role=\"region\" aria-roledescription=\"carousel\" aria-label=\"Slides\" dir=\"ltr\" data-animation=\"\">\n\t\t\t\t<div class=\"swiper-wrapper elementor-slides\">\n\t\t\t\t\t\t\t\t\t\t<div class=\"elementor-repeater-item-8e72735 swiper-slide\" role=\"group\" aria-roledescription=\"slide\"><div class=\"swiper-slide-bg\" role=\"img\"><\/div><div class=\"swiper-slide-inner\" ><div class=\"swiper-slide-contents\"><\/div><\/div><\/div>\t\t\t\t<\/div>\n\t\t\t\t\t\t\t<\/div>\n\t\t\t\t\t\t\t\t<\/div>\n\t\t\t\t<\/div>\n\t\t<div class=\"elementor-element elementor-element-12602ee4 e-con-full elementor-hidden-desktop e-flex e-con e-parent\" data-id=\"12602ee4\" data-element_type=\"container\">\n\t\t\t\t<div class=\"elementor-element elementor-element-27d68003 elementor-hidden-tablet elementor-hidden-mobile elementor-widget elementor-widget-heading\" data-id=\"27d68003\" data-element_type=\"widget\" data-widget_type=\"heading.default\">\n\t\t\t\t\t<h2 class=\"elementor-heading-title elementor-size-default\">Vom Wesen der Gestalttherapie...<\/h2>\t\t\t\t<\/div>\n\t\t\t\t<\/div>\n\t\t<div class=\"elementor-element elementor-element-e5b07c9 e-flex e-con-boxed e-con e-parent\" data-id=\"e5b07c9\" data-element_type=\"container\">\n\t\t\t\t\t<div class=\"e-con-inner\">\n\t\t\t\t<div class=\"elementor-element elementor-element-19b4a1b elementor-widget elementor-widget-heading\" data-id=\"19b4a1b\" data-element_type=\"widget\" data-widget_type=\"heading.default\">\n\t\t\t\t\t<h2 class=\"elementor-heading-title elementor-size-default\">Vom Wesen der Gestalttherapie...<\/h2>\t\t\t\t<\/div>\n\t\t\t\t\t<\/div>\n\t\t\t\t<\/div>\n\t\t<div class=\"elementor-element elementor-element-245c212 e-flex e-con-boxed e-con e-parent\" data-id=\"245c212\" data-element_type=\"container\">\n\t\t\t\t\t<div class=\"e-con-inner\">\n\t\t\t\t<div class=\"elementor-element elementor-element-6c4f546 elementor-hidden-mobile elementor-widget-divider--view-line elementor-widget elementor-widget-divider\" data-id=\"6c4f546\" data-element_type=\"widget\" data-widget_type=\"divider.default\">\n\t\t\t\t\t\t\t<div class=\"elementor-divider\">\n\t\t\t<span class=\"elementor-divider-separator\">\n\t\t\t\t\t\t<\/span>\n\t\t<\/div>\n\t\t\t\t\t\t<\/div>\n\t\t\t\t\t<\/div>\n\t\t\t\t<\/div>\n\t\t<div class=\"elementor-element elementor-element-7e9f0021 e-flex e-con-boxed e-con e-parent\" data-id=\"7e9f0021\" data-element_type=\"container\">\n\t\t\t\t\t<div class=\"e-con-inner\">\n\t\t<div class=\"elementor-element elementor-element-a8f2111 e-con-full e-flex e-con e-child\" data-id=\"a8f2111\" data-element_type=\"container\">\n\t\t\t\t<div class=\"elementor-element elementor-element-4a41c428 elementor-widget elementor-widget-heading\" data-id=\"4a41c428\" data-element_type=\"widget\" data-widget_type=\"heading.default\">\n\t\t\t\t\t<h2 class=\"elementor-heading-title elementor-size-default\">Ich und Du<\/h2>\t\t\t\t<\/div>\n\t\t\t\t<div class=\"elementor-element elementor-element-36f4fed9 elementor-widget elementor-widget-text-editor\" data-id=\"36f4fed9\" data-element_type=\"widget\" data-widget_type=\"text-editor.default\">\n\t\t\t\t\t\t\t\t\t<p>Die therapeutische Beziehung im Sinne einer Ich-Du Beziehung ist der Grundpfeiler der Gestalttherapie. Diese Ich-Du-Beziehung ist gepr\u00e4gt von nicht-bewertender Offenheit, Wohlwollen und Mitgef\u00fchl. In dieser Begegnung k\u00f6nnen Kontakt und Auseinandersetzung mit dem geschehen, was uns blockiert oder &#8222;das Leben schwer macht&#8220;. Indem wir Altes ber\u00fchren und dann auch loslassen wird Energie freigesetzt, die in Wachstum und Transformation flie\u00dfen kann.<\/p>\t\t\t\t\t\t\t\t<\/div>\n\t\t\t\t<\/div>\n\t\t<div class=\"elementor-element elementor-element-2a22ebac e-con-full e-flex e-con e-child\" data-id=\"2a22ebac\" data-element_type=\"container\">\n\t\t\t\t<div class=\"elementor-element elementor-element-35699eab elementor-widget elementor-widget-heading\" data-id=\"35699eab\" data-element_type=\"widget\" data-widget_type=\"heading.default\">\n\t\t\t\t\t<h2 class=\"elementor-heading-title elementor-size-default\">Sp\u00fcren, Verantwortung, Mitgef\u00fchl<\/h2>\t\t\t\t<\/div>\n\t\t\t\t<div class=\"elementor-element elementor-element-64fcdc4 elementor-widget elementor-widget-text-editor\" data-id=\"64fcdc4\" data-element_type=\"widget\" data-widget_type=\"text-editor.default\">\n\t\t\t\t\t\t\t\t\t<p>Was lernen wir durch kontinuierliche Selbsterforschung ?<\/p><p>Zun\u00e4chst einmal lernen wir, uns selbst &#8211; d.h. unseren K\u00f6rper &#8211; wieder in allen Facetten zu sp\u00fcren. Was ist da gerade? Mehr und mehr wird die Palette von dem was wir sp\u00fcren breiter, da wir uns trauen, auch das wieder zu sp\u00fcren, was lange Zeit verborgen blieb: das ungelebte Leben.\u00a0<\/p><p>Kontinuierlich lernen wir, mehr Verantwortung zu \u00fcbernehmen: daf\u00fcr wie wir uns f\u00fchlen, wie wir sind und f\u00fcr unser Leben. Wir bauen ein System des inneren Supports auf, das dies erm\u00f6glicht.\u00a0<\/p><p>Durch die Selbsterforschung lernen wir uns selbst besser kennen. Wir lernen, auch die Dinge an uns zu wertsch\u00e4tzen, die wir vormals abgelehnt haben. Wenn wir uns selbst besser kennen und sch\u00e4tzen k\u00f6nnen, kann auch unser Mitgef\u00fchl f\u00fcr andere wachsen. Anstatt sie reaktiv zu verurteilen, sehen wir ihre Not. Wer sich auf Gestaltbasis selbst erforscht, tut nicht nur sich selbst etwas Gutes, sondern auch seinen Mitmenschen.<\/p>\t\t\t\t\t\t\t\t<\/div>\n\t\t\t\t<\/div>\n\t\t\t\t\t<\/div>\n\t\t\t\t<\/div>\n\t\t<div class=\"elementor-element elementor-element-f336485 e-flex e-con-boxed e-con e-parent\" data-id=\"f336485\" data-element_type=\"container\">\n\t\t\t\t\t<div class=\"e-con-inner\">\n\t\t<div class=\"elementor-element elementor-element-c07aa7e e-con-full e-flex e-con e-child\" data-id=\"c07aa7e\" data-element_type=\"container\">\n\t\t\t\t<div class=\"elementor-element elementor-element-804e0b6 elementor-widget elementor-widget-heading\" data-id=\"804e0b6\" data-element_type=\"widget\" data-widget_type=\"heading.default\">\n\t\t\t\t\t<h2 class=\"elementor-heading-title elementor-size-default\">Gewahrsein, Dialog, Prozess<\/h2>\t\t\t\t<\/div>\n\t\t\t\t<div class=\"elementor-element elementor-element-5c6daa3 elementor-widget elementor-widget-text-editor\" data-id=\"5c6daa3\" data-element_type=\"widget\" data-widget_type=\"text-editor.default\">\n\t\t\t\t\t\t\t\t\t<p>Im Gewahrsein beobachten wir uns.\u00a0<\/p><p>Im Dialog, in der Begegnung mit dem Gegen\u00fcber, tritt unser einge\u00fcbtes Verhalten zu Tage. Wir k\u00f6nnen an ihm arbeiten.\u00a0<\/p><p>Wir beobachten den Prozess: alles ist flie\u00dfend und nicht starr &#8211; Energie kann blockiert sein, abflachen &#8211; oder freigesetzt werden.\u00a0<\/p>\t\t\t\t\t\t\t\t<\/div>\n\t\t\t\t<\/div>\n\t\t<div class=\"elementor-element elementor-element-3d8c37c e-con-full e-flex e-con e-child\" data-id=\"3d8c37c\" data-element_type=\"container\">\n\t\t\t\t<div class=\"elementor-element elementor-element-1bb8b4f elementor-widget elementor-widget-heading\" data-id=\"1bb8b4f\" data-element_type=\"widget\" data-widget_type=\"heading.default\">\n\t\t\t\t\t<h2 class=\"elementor-heading-title elementor-size-default\">existenziell, ph\u00e4nomenologisch, erfahrungsbezogen und experimentell<\/h2>\t\t\t\t<\/div>\n\t\t\t\t<div class=\"elementor-element elementor-element-a05a6d0 elementor-widget elementor-widget-text-editor\" data-id=\"a05a6d0\" data-element_type=\"widget\" data-widget_type=\"text-editor.default\">\n\t\t\t\t\t\t\t\t\t<p>Die Gestalttherapie ist ein existenziell-ph\u00e4nomenologischer Ansatz; sie ist erfahrungsbezogen und experimentell.\u00a0<\/p><p>Wir arbeiten mit dem was sich zeigt, wir sind am Ph\u00e4nomen interessiert. Im Zentrum steht dabei deine eigene Wahrnehmung: sowohl aktiv als auch passiv. Was nimmst du wahr? Handelst du?\u00a0\u00a0<\/p><p>Wir suchen nicht nach dem &#8222;Warum&#8220; unseres Handelns &#8211; diese Frage bringt uns weiter weg von dem was ist. Stattdessen geht es darum, sich des Handelns bewusst zu werden und es ganz zu sp\u00fcren &#8211; wie geht es mir damit? Was sp\u00fcre ich in meinem K\u00f6rper, welche Gef\u00fchle sind da?<\/p>\t\t\t\t\t\t\t\t<\/div>\n\t\t\t\t<\/div>\n\t\t\t\t\t<\/div>\n\t\t\t\t<\/div>\n\t\t\t\t<\/div>\n\t\t","protected":false},"excerpt":{"rendered":"<p>Vom Wesen der Gestalttherapie&#8230; Vom Wesen der Gestalttherapie&#8230; Ich und Du Die therapeutische Beziehung im Sinne einer Ich-Du Beziehung ist der Grundpfeiler der Gestalttherapie. Diese Ich-Du-Beziehung ist gepr\u00e4gt von nicht-bewertender Offenheit, Wohlwollen und Mitgef\u00fchl. In dieser Begegnung k\u00f6nnen Kontakt und Auseinandersetzung mit dem geschehen, was uns blockiert oder &#8222;das Leben schwer macht&#8220;. Indem wir Altes [&hellip;]<\/p>\n","protected":false},"author":1,"featured_media":0,"parent":0,"menu_order":0,"comment_status":"closed","ping_status":"closed","template":"","meta":{"footnotes":""},"class_list":["post-205","page","type-page","status-publish","hentry"],"_links":{"self":[{"href":"https:\/\/franziska-schill.de\/index.php?rest_route=\/wp\/v2\/pages\/205","targetHints":{"allow":["GET"]}}],"collection":[{"href":"https:\/\/franziska-schill.de\/index.php?rest_route=\/wp\/v2\/pages"}],"about":[{"href":"https:\/\/franziska-schill.de\/index.php?rest_route=\/wp\/v2\/types\/page"}],"author":[{"embeddable":true,"href":"https:\/\/franziska-schill.de\/index.php?rest_route=\/wp\/v2\/users\/1"}],"replies":[{"embeddable":true,"href":"https:\/\/franziska-schill.de\/index.php?rest_route=%2Fwp%2Fv2%2Fcomments&post=205"}],"version-history":[{"count":65,"href":"https:\/\/franziska-schill.de\/index.php?rest_route=\/wp\/v2\/pages\/205\/revisions"}],"predecessor-version":[{"id":749,"href":"https:\/\/franziska-schill.de\/index.php?rest_route=\/wp\/v2\/pages\/205\/revisions\/749"}],"wp:attachment":[{"href":"https:\/\/franziska-schill.de\/index.php?rest_route=%2Fwp%2Fv2%2Fmedia&parent=205"}],"curies":[{"name":"wp","href":"https:\/\/api.w.org\/{rel}","templated":true}]}}